{"id":12,"date":"2025-09-03T16:18:31","date_gmt":"2025-09-03T16:18:31","guid":{"rendered":"https:\/\/lidh.com.mx\/?page_id=12"},"modified":"2026-02-12T20:37:09","modified_gmt":"2026-02-12T20:37:09","slug":"eventos","status":"publish","type":"page","link":"https:\/\/lidh.com.mx\/en\/eventos\/","title":{"rendered":"Events"},"content":{"rendered":"<!DOCTYPE html>\n<html lang=\"es\">\n<head>\n  <meta charset=\"UTF-8\">\n  <!-- Meta etiqueta para que el sitio se ajuste al ancho del dispositivo -->\n  <meta name=\"viewport\" content=\"width=device-width, initial-scale=1.0\">\n  <title><\/title>\n\n  <style>\n\n      *{\n        margin: 0;\n        padding: 0;\n        box-sizing: border-box;\n      }\n      \n      body {\n        font-family: sans-serif;\n        line-height: 1.6;\n      }\n\n      h1 {\n          flex: 1;\n          font-family: 'Montserrat', sans-serif;\n          font-weight: 600; \/* Medium *\/\n          font-size: 36pt;\n          line-height: 1.1;\n          text-align: left;\n\n      }\n\n      p {\n          flex: 1;\n          font-family: 'Montserrat', sans-serif;\n          font-weight: 500; \/* Medium *\/\n          font-size: 16pt;\n          line-height: 1.1;\n      }\n\n      .hero {\n            background-color: #99c6bb; \/* Rosa claro *\/\n            display: flex;\n            align-items: center;\n            justify-content: space-between;\n            padding: 30px;\n            padding-top: 50px;\n            min-height: 80vh;\n            flex-wrap: wrap;\n        }\n        .hero-text {\n            max-width: 50%;\n        }\n        .hero h1 {\n            font-family: 'Montserrat', sans-serif;\n            font-weight: 500; \/* Medium *\/\n            font-size: 36pt;\n            color: #22304c;\n            padding: 10px;\n            line-height: 1.1;\n            text-align: left;\n            padding-top: 3%;\n        }\n        .hero p {\n            font-family: 'Montserrat', sans-serif;\n            font-weight: 500; \/* Medium *\/\n            font-size: 16pt;\n            color: #22304c;\n            padding:10px;\n            line-height: 1.1;\n            text-align: left;\n        }\n        .hero button {\n            background-color: #e34130;\n            color: #fff;\n            border: none;\n            border-radius: 30px;\n            padding: 12px 50px;\n            font-size: 18px;\n            font-family: 'Montserrat', sans-serif;\n            font-weight: 600;\n            cursor: pointer;\n            transition: background 0.3s ease;\n            display: inline-block;\n        }\n        .hero button:hover {\n            background-color: #E91E63;\n        }\n        .hero-image {\n            max-width: 50%;\n        }\n        .hero img {\n            width: 100%;\n            border-radius: 10px;\n        }\n\n        button {\n            background-color: #e34130;\n            color: #fff;\n            border: none;\n            border-radius: 30px;\n            padding: 12px 50px;\n            font-size: 18px;\n            font-family: 'Montserrat', sans-serif;\n            font-weight: 600;\n            cursor: pointer;\n            transition: background 0.3s ease;\n            display: inline-block;\n        }\n        .button-container a {\n            text-decoration: none;\n        }\n        .enfoque-eventos {\n        background-color: #fff5f2;\n        padding: 60px 10px;\n        text-align: center;\n        }\n\n        .enfoque-eventos h2 {\n        font-family: 'Montserrat', sans-serif;\n        font-weight: 500; \/* Medium *\/\n        font-size: 36pt;\n        color: #22304c;\n        padding: 10px;\n        line-height: 1.1;\n        text-align: left;\n        padding-top: 3%;\n        text-align: center;\n        }\n\n        .enfoque-eventos p {\n        font-family: 'Montserrat', sans-serif;\n        font-size: 16pt;\n        font-weight: 500;\n        color: #22304c;\n        max-width: 800px;\n        margin: 0 auto 40px auto;\n        }\n\n        .enfoque-img {\n        width: 100%;\n        margin: 0 auto 30px auto;\n        border-radius: 10px;\n        display: block;\n        }\n.evento {\n  display: flex;\n  flex-direction: column; \/* Imagen arriba, bot\u00f3n abajo *\/\n  align-items: center;    \/* Centra horizontalmente *\/\n  justify-content: center;\n  gap: 20px;              \/* Espacio entre imagen y bot\u00f3n *\/\n}\n\n\n        \/* Oculta imagen m\u00f3vil en escritorio y viceversa *\/\n        .desktop-img {\n        display: block;\n        }\n        .mobile-img {\n        display: none;\n        }\n\n        \/* Bot\u00f3n *\/\n        \n        .boton-enfoque button {\n        background-color: #e34130;\n        color: #fff;\n        border: none;\n        border-radius: 30px;\n        padding: 12px 30px;\n        font-size: 18px;\n        font-family: 'Montserrat', sans-serif;\n        font-weight: 600;\n        cursor: pointer;\n        transition: background 0.3s ease;\n        display: inline-block;\n        }\n\n        .boton-enfoque button:hover {\n        background-color: #E91E63;\n        }\n\n        .talleres {\n            background-color: #22304c;\n            text-align: center;\n            padding: 60px 0;\n        }\n\n        .talleres h2 {\n            font-family: 'Montserrat', sans-serif;\n            font-weight: 500; \/* Medium *\/\n            font-size: 36pt;\n            color: #fff;\n            padding: 10px;\n            line-height: 1.2;\n            text-align: center;\n        }\n\n        .talleres p {\n            font-family: 'Montserrat', sans-serif;\n            font-weight: 500;\n            font-size: 16pt;\n            color: #fff;\n            max-width: 700px;\n            margin: 0 auto 40px auto;\n            padding: 0 20px;\n        }\n\n        .talleres-imgs {\n            display: flex;\n            justify-content: space-between; \/* Asegura que las im\u00e1genes se distribuyan a lo largo de la pantalla *\/\n            align-items: center; \/* Centra las im\u00e1genes verticalmente *\/\n            gap: 0; \/* Elimina el espacio entre las im\u00e1genes *\/\n            flex-wrap: nowrap; \/* Las im\u00e1genes no deben apilarse, deben mantenerse en una l\u00ednea *\/\n            padding: 0 0px; \/* A\u00f1ade un peque\u00f1o padding para las im\u00e1genes *\/\n        }\n\n        .talleres-imgs img {\n            width: 32%; \/* Hace que cada imagen ocupe un tercio del ancho *\/\n            height: auto; \/* Mantiene la proporci\u00f3n de la imagen *\/\n            object-fit: cover; \/* Cubre el espacio sin distorsionar la imagen *\/\n        }\n\n        .boton-talleres {\n            text-align: center;\n            margin-top: 30px;\n        }\n\n        .boton-talleres button {\n            background-color: #e34130;\n            height: auto;\n            color: #fff;\n            border: none;\n            border-radius: 30px;\n            padding: 12px 30px;\n            font-size: 18px;\n            font-family: 'Montserrat', sans-serif;\n            font-weight: 600;\n            cursor: pointer;\n            transition: background 0.3s ease;\n            display: inline-block;\n        }\n\n        .boton-talleres button:hover {\n            background-color: #E91E63;\n        }\n\n        .proximos-eventos {\n            background-color: #fff;\n            text-align: center;\n            padding: 60px 0;\n        }\n\n        .proximos-eventos h2 {\n            font-family: 'Montserrat', sans-serif;\n            font-weight: 500; \/* Medium *\/\n            font-size: 36pt;\n            color: #22304c;\n            padding: 10px;\n            line-height: 1.1;\n            text-align: left;\n            padding-top: 3%;\n            text-align: center;\n        }\n\n        .proximos-eventos p {\n            font-family: 'Montserrat', sans-serif;\n            font-weight: 500;\n            font-size: 16pt;\n            color: #22304c;\n            max-width: 700px;\n            margin: 0 auto 40px auto;\n            padding: 0 20px;\n        }\n\n        .proximos-eventos-imgs {\n            display: flex;\n            justify-content: space-between;\n            align-items: center;\n            gap: 10px;\n            flex-wrap: nowrap;\n            padding: 0 20px;\n        }\n\n        .proximos-eventos-imgs img {\n            width: 70%;\n            height: auto;\n            object-fit: cover;\n            border-radius: 10px;\n        }\n\n        .proximos-eventos-imgs .evento {\n            position: relative;\n        }\n\n        .proximos-eventos-imgs .evento button {\n            background-color: #e34130;\n            color: #fff;\n            border: none;\n            border-radius: 30px;\n            padding: 12px 30px;\n            font-size: 16px;\n            font-family: 'Montserrat', sans-serif;\n            font-weight: 600;\n            cursor: pointer;\n            margin-top: 10px; \/* A\u00f1adir margen arriba para separar del borde de la imagen *\/\n            transition: background 0.3s ease;\n            width: 250px; \/* El ancho es autom\u00e1tico para que el bot\u00f3n no ocupe todo el ancho *\/\n            height: auto;\n            \n        }\n\n        .proximos-eventos-imgs .evento button:hover {\n            background-color: #E91E63;\n        }\n\n        .contact-section {\n            text-align: center;\n            padding: 40px 20px;\n            max-width: 600px;\n            margin: auto;\n            background: #99c6bb; \/* Fondo del formulario *\/\n            border-radius: 10px; \/* Bordes redondeados *\/\n        }\n\n        \/* Estilo del t\u00edtulo y p\u00e1rrafo *\/\n        .contact-section h2 {\n            font-size: 24px;\n            margin-bottom: 10px;\n            color: #22304c;\n        }\n\n        .contact-section p {\n            font-family: 'Montserrat', sans-serif;\n            font-size: 16pt;\n            margin-top: 15px;\n            color: #22304c;\n            padding: 10px;\n        }\n\n        \/* Estilos del formulario *\/\n        form {\n            display: flex;\n            flex-direction: column;\n            gap: 15px;\n        }\n\n\n        \/* Inputs y textarea *\/\n        input, textarea {\n            width: 100%;\n            padding: 12px;\n            border: 1px solid #fff;\n            border-radius: 50px; \/* Hace los inputs redondeados *\/\n            font-size: 14px;\n            transition: 0.3s;\n        }\n\n         .contact-form input:focus, textarea:focus {\n            border-color: #25D366;\n            outline: none;\n        }\n\n        textarea {\n            height: 100px;\n            resize: vertical;\n            border-radius: 15px; \/* Un poco menos redondeado *\/\n        }\n\n        \/* Bot\u00f3n de enviar *\/\n        .contact-form button {\n            background-color: #25D366;\n            color: white;\n            border: none;\n            padding: 10px 20px; \/* Reduje el padding *\/\n            font-size: 14px; \/* Tama\u00f1o de fuente m\u00e1s peque\u00f1o *\/\n            font-weight: bold;\n            width: fit-content; \/* Ajusta el ancho al contenido *\/\n            cursor: pointer;\n            border-radius: 50px; \/* Redondeado *\/\n            transition: 0.3s;\n            margin: auto; \/* Centra el bot\u00f3n *\/\n        }\n\n        .contact-form button:hover {\n            background-color: #1DA851;\n        }\n\n\n\n     @media (max-width: 768px) {\n\n            h1 {\n            flex: 1;\n            font-family: 'Montserrat', sans-serif;\n            font-weight: 600; \/* Medium *\/\n            font-size: 20pt;\n            }\n\n            p {\n            flex: 1;\n            font-family: 'Montserrat', sans-serif;\n            font-weight: 500; \/* Medium *\/\n            font-size: 12pt;\n            }\n\n            .hero {\n                flex-direction: column;\n                text-align: center;\n                padding: 0px;\n            }\n            .hero-text {\n                max-width: 100%;\n                padding: 15px;\n            }\n            .hero-image {\n                max-width: 120%;\n                margin-top: 20px;\n            }\n            .hero h1 {\n                font-size: 26pt;\n            }\n            .hero p {\n                font-size: 12pt;\n\n            }\n            .hero button {\n            \n                border-radius: 50px; \/* Redondeado *\/\n                padding: 12px 30px;\n                font-size: 14px;\n                width: auto;\n                height: auto;\n                display: block;\n                margin: 0; \/* Alinea a la izquierda *\/\n            }\n\n            .enfoque-eventos h2 {\n                font-size: 24pt;\n            }\n\n            .enfoque-eventos p {\n                font-size: 12pt;\n                padding: 0 10px;\n            }\n\n            .desktop-img {\n                display: none;\n            }\n\n            .mobile-img {\n                display: block;\n            }\n\n            .enfoque-eventos button {\n                font-size: 14px;\n                padding: 10px 20px;\n            }\n\n            .talleres h2 {\n                font-size: 24pt;\n            }\n\n\n            .talleres-imgs {\n                flex-direction: column; \/* Im\u00e1genes apiladas *\/\n            }\n\n            .talleres-imgs img {\n                width: 100%; \/* Im\u00e1genes ocupan todo el ancho en m\u00f3vil *\/\n                height: 300px; \/* Ajusta la altura para no ser tan grandes *\/\n            }\n            .boton-talleres button {\n                font-size: 14px;\n                padding: 10px 20px;\n                width: auto;\n            }\n            .proximos-eventos-imgs {\n                flex-direction: column;\n                width: 100%; \/* Im\u00e1genes ocupan todo el ancho en m\u00f3vil *\/\n                height: auto; \n                gap: 10px; \/* Aumenta el espacio entre las im\u00e1genes *\/\n            }\n\n            .proximos-eventos-imgs img {\n                width: 100%; \/* Las im\u00e1genes ocupan todo el ancho en m\u00f3vil *\/\n                height: auto; \/* Ajusta la altura para no ser demasiado grandes *\/\n            }\n\n            .proximos-eventos-imgs .evento button {\n                font-size: 14px;\n                padding: 10px 20px;\n                width: auto;  \n            }\n\n            .contact-section {\n                max-width: 90%;\n                padding: 40px 15px;\n            }\n\n            .contact-section h2 {\n                font-size: 22px;\n            }\n\n            .contact-section p {\n                font-size: 14px;\n            }\n\n            input, textarea {\n                font-size: 13px;\n                padding: 10px;\n            }\n\n            button {\n                font-size: 14px;\n                padding: 12px;\n            }\n}\n\n  <\/style>\n  <\/head>\n  <body>\n    <section class=\"hero\">\n        <div class=\"hero-text\">\n            <h1><span style=\"color: #fff;\">Join our events<\/span><b> and transform your finances<\/b><\/h1>\n            <p>Discover unique experiences to achieve financial freedom. From webinars and workshops to in-person bootcamps, we have options for you to learn at your own pace.<\/p>\n            <a href=\"#Webinars\" style=\"text-decoration: none;\">\n                <button >Learn more<\/button>\n            <\/a>\n        <\/div>\n        <div class=\"hero-image\">\n            <img decoding=\"async\" src=\"https:\/\/lidh.com.mx\/wp-content\/uploads\/2025\/09\/eventos-header-EN.png\" alt=\"Mujer trabajando en su negocio\">\n        <\/div>\n    <\/section>\n  <!-- Seccion eventos -->\n<section class=\"glowup-section\" id=\"glowup-emprendedoras\" aria-labelledby=\"glowup-title\">\n  <style>\n    \/* ====== Variables \/ Base ====== *\/\n    .glowup-section{\n      --brand-coral:#e34130;   \/* CTA *\/\n      --brand-teal:#99c6bb;    \/* acentos *\/\n      --brand-navy:#213045;    \/* encabezados \/ fondos oscuros *\/\n      --accent-mint:#acfff0;   \/* solicitado *\/\n      --accent-yellow:#fff7a0; \/* solicitado *\/\n      --bg:#ffffff;\n      --ink:#1f2937;\n      --muted:#6b7280;\n      --card:#ffffff;\n      --shadow:0 10px 28px rgba(0,0,0,.12);\n      font-family: system-ui, -apple-system, \"Segoe UI\", Roboto, \"Helvetica Neue\", Arial, \"Noto Sans\", sans-serif;\n      color:var(--ink);\n      background:var(--bg);\n    }\n\n    \/* ====== HERO (todo dentro del banner azul) ====== *\/\n    .glowup-hero{\n      max-width:1100px; margin: 0 auto; \n      border-radius:22px; overflow:hidden;\n      background: var(--brand-navy);\n      color:#fff; box-shadow:var(--shadow);\n    }\n    .glowup-hero__grid{\n      display:grid; grid-template-columns: 1.05fr 0.95fr; align-items:stretch;\n    }\n\n    \/* Columna izquierda: IMAGEN *\/\n    .glowup-hero__img{\n      position:relative; min-height:320px;\n      display:flex; align-items:stretch; justify-content:center;\n      background:linear-gradient(0deg, rgba(33,48,69,.15), rgba(33,48,69,.15));\n    }\n    .glowup-hero__img img{\n      width:100%; height:auto; object-fit:cover; display:block;\n    }\n\n    \/* Columna derecha: CONTENIDO *\/\n    .glowup-hero__content{\n      padding: clamp(22px, 5vw, 48px);\n      display:flex; flex-direction:column; justify-content:center;\n    }\n    .brand-logo{\n      max-width:360px; width:100%; height:auto; display:block;\n      filter: drop-shadow(0 4px 10px rgba(0,0,0,.18));\n      margin-bottom: clamp(10px, 1.5vw, 14px);\n    }\n    .badges{display:flex;flex-wrap:wrap;gap:.5rem}\n    .badge{\n      display:inline-flex;gap:.45rem;align-items:center;\n      background:var(--accent-mint); color:#0d2c2a;\n      font-weight:800;border-radius:999px;padding:.38rem .75rem;font-size:.84rem;letter-spacing:.2px;\n    }\n    .badge--yellow{background:var(--accent-yellow);color:#3d2a00;}\n\n    h1#glowup-title{margin:.2rem 0 .4rem; font-size: clamp(1.4rem, 2.6vw, 2rem);line-height:1.2; font-weight:800;}\n    .lead{margin:.4rem 0 1rem; color:#fff; opacity:.95; max-width:60ch}\n\n    .cta{\n      display:inline-block;background:var(--brand-coral);color:#fff;text-decoration:none;font-weight:900;\n      padding:.9rem 1.1rem;border-radius:14px;box-shadow: 0 8px 20px rgba(227,65,48,.35);\n      transition:transform .15s ease, box-shadow .15s ease;\n    }\n    .cta:hover{transform: translateY(-1px); box-shadow: 0 12px 26px rgba(227,65,48,.48);}\n\n    \/* mini-beneficios en chips *\/\n    .chips{display:flex;flex-wrap:wrap;gap:.5rem .6rem; margin:.9rem 0 1rem;}\n    .chip{\n      background:rgba(172,255,240,.12); color:#eafcf8; border:1px solid rgba(172,255,240,.35);\n      padding:.35rem .6rem; border-radius:999px; font-size:.86rem; display:inline-flex; gap:.45rem; align-items:center;\n    }\n\n    \/* Bloque precio dentro del banner *\/\n    .price{margin: 14px 0 0; display:grid; gap:.55rem; max-width: 520px}\n    .price__box{\n      background: linear-gradient(180deg, rgba(153,198,187,.22), rgba(153,198,187,.10));\n      border: 1.5px solid rgba(153,198,187,.45);\n      border-radius:16px; padding:14px 16px; color:#e9f7f3;\n    }\n    .price__row{display:flex;gap:14px;align-items:center;flex-wrap:wrap}\n    .price s{color:#c7cbd3}\n    .badge-code{\n      display:inline-block;background:#0f2235;color:#fff;\n      border:1px solid rgba(255,255,255,.2);\n      border-radius:999px;padding:.28rem .6rem;font-weight:900;margin-left:.35rem\n    }\n\n    .meta{display:flex;flex-wrap:wrap;gap:.5rem 1rem;margin-top:1rem;font-size:.95rem}\n    .meta span{display:inline-flex;align-items:center;gap:.5rem;opacity:.95}\n    .meta .dot{width:.5rem;height:.5rem;background:var(--accent-mint);border-radius:50%}\n\n    \/* ====== Responsive ====== *\/\n    @media (max-width: 900px){\n      .glowup-hero__grid{grid-template-columns:1fr} \/* m\u00f3vil: imagen arriba, texto abajo *\/\n      .glowup-hero__img{min-height:200px}\n      .brand-logo{max-width:300px}\n    }\n  <\/style>\n  \n  <h1 style=\"text-align:center; padding:20px;\">Join our upcoming events!<\/h1>\n<br>\n<!--<a href=\"https:\/\/lidhacademy.zoholandingpage.com\/Subete-a-la-tendencia-en-3-pasos\/\" target=\"_blank\" rel=\"noopener noreferrer\">\n  <img decoding=\"async\" src=\"https:\/\/lidh.com.mx\/wp-content\/uploads\/2025\/10\/banner-3.png\" alt=\"Invitaci\u00f3n especial\" style=\"max-width:100%; height:auto; border-radius:12px;\">\n<\/a>\n<center>\n  <a class=\"cta\" href=\"https:\/\/lidhacademy.zoholandingpage.com\/Subete-a-la-tendencia-en-3-pasos\/\" target=\"_blank\" \n           aria-label=\"\">\n          Registro gratuito\n        <\/a>\n<\/center>-->\n<br><br>\n\n    <section class=\"enfoque-eventos\" id=\"Webinars\">\n        <h2>Webinars to <b>boost your growth<\/b><\/h2>\n        <p>\n            Learn about finance, entrepreneurship, investing, marketing, and more in our monthly webinars. Connect from anywhere and expand your knowledge.\n        <\/p>\n        \n        <!-- Imagen para desktop -->\n        <img decoding=\"async\" class=\"enfoque-img desktop-img\" src=\"https:\/\/lidh.com.mx\/wp-content\/uploads\/2025\/09\/tipos-de-contenidos-escritorio.png\" alt=\"Enfoque eventos\">\n      \n        <!-- Imagen para m\u00f3vil -->\n        <img decoding=\"async\" class=\"enfoque-img mobile-img\" src=\"https:\/\/lidh.com.mx\/wp-content\/uploads\/2025\/09\/tipos-de-contenidos.png\" alt=\"Enfoque eventos\">\n      <center>\n        <a href=\"#proximos-eventos\" style=\"text-decoration: none;\">\n            <button>Start Learning<\/button>\n        <\/center>\n          <\/a>\n      <\/section>\n\n      <section class=\"talleres\">\n        <h2><b>Experience<\/b> our bootcamps and workshops<\/h2>\n        <p> If you're looking for a more complete and practical experience, join our bootcamps and workshops, both in-person and online. <\/p>\n      \n        <div class=\"talleres-imgs\">\n          <img decoding=\"async\" src=\"https:\/\/lidh.com.mx\/wp-content\/uploads\/2025\/09\/getontracktaller.png\" alt=\"Taller 1\">\n          <img decoding=\"async\" src=\"https:\/\/lidh.com.mx\/wp-content\/uploads\/2025\/09\/negocioyvida.png\" alt=\"Taller 2\">\n          <img decoding=\"async\" src=\"https:\/\/lidh.com.mx\/wp-content\/uploads\/2025\/09\/Glowup.png\" alt=\"Taller 3\">\n        <\/div>\n      \n        <div class=\"boton-talleres\">\n          <a href=\"https:\/\/zc.vg\/sf\/x4duB\" style=\"text-decoration: none;\">\n            <button>Join the waiting list and reserve your spot<\/button>\n          <\/a>\n        <\/div>\n      <\/section>\n\n<section class=\"proximos-eventos\" id=\"proximos-eventos\" style=\"text-align: center;\">\n  <h2><b>Don't miss our<\/b> upcoming events<\/h2>\n  <p>Here's what's coming up. Get ready to continue learning and growing.<\/p>\n\n  <div class=\"proximos-eventos-imgs\" style=\"display: flex; justify-content: center; flex-wrap: wrap; gap: 20px;\">\n    <div class=\"evento\" style=\"text-align: center; justify-content: center;\">    \n   <a href=\"https:\/\/lidhacademy.zoholandingpage.com\/Nuevas-reglas-SAT\">\n    <img fetchpriority=\"high\" decoding=\"async\" width=\"415\" height=\"352\"\n    src=\"https:\/\/lidh.com.mx\/wp-content\/uploads\/2026\/02\/banner-5.png\"\n    alt=\"Registro Webinar SAT\"\n    style=\"max-width:100%; height:auto; display:block; border:0;\">\n<\/a>\n<div align=\"center\">\n\n<a href=\"https:\/\/lidhacademy.zoholandingpage.com\/Nuevas-reglas-SAT\"\n   target=\"_blank\"\n   style=\"   font-size:12px;   font-family: Arial, Helvetica, sans-serif;   background:#e34130;   color:#ffffff;   text-decoration:none;   padding:12px 18px;   display:inline-block;   font-weight:700;   letter-spacing:0.5px;   border-radius:12px;\">\nREGISTRO GRATIS\n<\/a>\n\n<\/div>\n    <\/div>\n  <\/div>\n<\/section>\n\n\n    <div style=\"background-color: #99c6bb;\">\n<section class=\"contact-section\" >\n    <h2>Let's talk about your financial future<\/h2>\n    <p>Queremos escucharte y resolver todas tus dudas. \n        <br> \n        Juntas, podemos ser parte de algo m\u00e1s grande y construir el camino hacia la libertad financiera.\n        <br><br>\n        Escr\u00edbenos y d\u00e9janos tu mensaje<\/p>\n    \n    <form id=\"contact-form\" action=\"\">\n        <input type=\"text\" id=\"name\" name=\"name\" placeholder=\"Name\" required>\n        <input type=\"email\" id=\"email\" name=\"email\" placeholder=\"Email\" required>\n        <textarea id=\"message\" name=\"message\" placeholder=\"Write your message here\" required><\/textarea>\n        \n        <button type=\"button\" onclick=\"sendToWhatsApp()\">\ud83d\udcac Send us a WhatsApp<\/button>\n    <input type=\"hidden\" name=\"trp-form-language\" value=\"en\"\/><\/form>\n<\/section>\n<\/div>\n\n<script>\nfunction sendToWhatsApp() {\n    let name = document.getElementById(\"name\").value;\n    let email = document.getElementById(\"email\").value;\n    let message = document.getElementById(\"message\").value;\n\n    if(name === \"\" || email === \"\" || message === \"\") {\n        alert(\"Por favor, completa todos los campos.\");\n        return;\n    }\n\n    let phoneNumber = \"5214481138306\"; \/\/ Reemplaza con tu n\u00famero de WhatsApp (sin espacios ni signos)\n    let text = `Hola, soy ${name}.\\nMi correo es: ${email}.\\nMensaje: ${message}`;\n    let whatsappURL = `https:\/\/wa.me\/${phoneNumber}?text=${encodeURIComponent(text)}`;\n\n    window.open(whatsappURL, \"_blank\");\n}\n<\/script>\n    \n\n<\/body>\n<\/html>\n\n\n\n<p><\/p>","protected":false},"excerpt":{"rendered":"<p>Forma parte de nuestros eventos y transforma tus finanzas Descubre experiencias \u00fanicas para alcanzar tu libertad financiera. Desde webinars y talleres hasta bootcamps presenciales, tenemos opciones para que aprendas a tu ritmo. Saber m\u00e1s \u00a1Participa en nuestros pr\u00f3ximos eventos! Webinars para impulsar tu crecimiento Aprende sobre finanzas, emprendimiento, inversiones, marketing y m\u00e1s en nuestros webinars&#8230;<\/p>","protected":false},"author":1,"featured_media":0,"parent":0,"menu_order":0,"comment_status":"closed","ping_status":"closed","template":"elementor_header_footer","meta":{"_kadence_starter_templates_imported_post":false,"_kad_post_transparent":"disable","_kad_post_title":"hide","_kad_post_layout":"fullwidth","_kad_post_sidebar_id":"","_kad_post_content_style":"default","_kad_post_vertical_padding":"hide","_kad_post_feature":"default","_kad_post_feature_position":"","_kad_post_header":false,"_kad_post_footer":false,"_kad_post_classname":"","footnotes":""},"class_list":["post-12","page","type-page","status-publish","hentry"],"_links":{"self":[{"href":"https:\/\/lidh.com.mx\/en\/wp-json\/wp\/v2\/pages\/12","targetHints":{"allow":["GET"]}}],"collection":[{"href":"https:\/\/lidh.com.mx\/en\/wp-json\/wp\/v2\/pages"}],"about":[{"href":"https:\/\/lidh.com.mx\/en\/wp-json\/wp\/v2\/types\/page"}],"author":[{"embeddable":true,"href":"https:\/\/lidh.com.mx\/en\/wp-json\/wp\/v2\/users\/1"}],"replies":[{"embeddable":true,"href":"https:\/\/lidh.com.mx\/en\/wp-json\/wp\/v2\/comments?post=12"}],"version-history":[{"count":49,"href":"https:\/\/lidh.com.mx\/en\/wp-json\/wp\/v2\/pages\/12\/revisions"}],"predecessor-version":[{"id":628,"href":"https:\/\/lidh.com.mx\/en\/wp-json\/wp\/v2\/pages\/12\/revisions\/628"}],"wp:attachment":[{"href":"https:\/\/lidh.com.mx\/en\/wp-json\/wp\/v2\/media?parent=12"}],"curies":[{"name":"wp","href":"https:\/\/api.w.org\/{rel}","templated":true}]}}